{"id":132,"date":"2014-06-18T12:31:26","date_gmt":"2014-06-18T10:31:26","guid":{"rendered":"http:\/\/rolandkalweit.de\/de\/?page_id=132"},"modified":"2021-09-16T00:25:21","modified_gmt":"2021-09-15T22:25:21","slug":"schauspiel","status":"publish","type":"page","link":"https:\/\/rolandkalweit.de\/de\/schauspiel\/","title":{"rendered":"Film\/tv"},"content":{"rendered":"\n<figure class=\"wp-block-table\"><table><tbody><tr><td>2021<\/td><td>Zwei Leben f\u00fcr Europa<\/td><td>Dokudrama<\/td><td>Theophil Leger<\/td><td>NR<\/td><td>R: Gordian Maugg<\/td><td>ARTE<\/td><\/tr><tr><td>2021<\/td><td>Fair<\/td><td>Spielfilm<\/td><td>Harald Weber<\/td><td>HR<\/td><td>R: Ellen Biche<\/td><td><\/td><\/tr><tr><td>2021<\/td><td>Ohne Geist<\/td><td>Kurzspielfilm<\/td><td>Thomas<\/td><td>HR<\/td><td>R: Sophie Menacher<\/td><td><\/td><\/tr><tr><td>2021<\/td><td>A Long Wrong Day<\/td><td>Kurzspielfilm<\/td><td>Gentleman<\/td><td>NR<\/td><td>R: Jihye Chae<\/td><td><\/td><\/tr><tr><td>2021<\/td><td>Gear Company<\/td><td>Industriefilm<\/td><td>CEO<\/td><td>HR<\/td><td>R: Geog Kleinegees<\/td><td>Freudenberg<\/td><\/tr><tr><td>2020<\/td><td>Warum?<\/td><td>Spielfilm<\/td><td>Direktor Ernst<\/td><td>NR<\/td><td>R: Thorsten Kramer<\/td><td>Sartorius Film<\/td><\/tr><tr><td>2020<\/td><td>Overstimulation<\/td><td>Musikvideo<\/td><td>Vater<\/td><td>HR<\/td><td>R: Max Oschmann<\/td><td>Lost Count<\/td><\/tr><tr><td>2020<\/td><td>78<\/td><td>Kurzspielfilm<\/td><td>Hausmeister<\/td><td>HR<\/td><td>R: Danny Dannenberger<\/td><td><\/td><\/tr><tr><td>2019<\/td><td>Godforsaken<\/td><td>Kurzspielfilm<\/td><td>Thomas<\/td><td>HR<\/td><td>R: Lewis Clements<\/td><td><\/td><\/tr><tr><td>2019<\/td><td>Auf &#8217;nen Kaffee<\/td><td>Kurzspielfilm<\/td><td>P\u00f6bler<\/td><td>HR<\/td><td>R: Sebastian Mannchen<\/td><td><\/td><\/tr><tr><td>2019<\/td><td>T\u00eate-\u00e0-T\u00eate<\/td><td> Kurzspielfilm <\/td><td>Kommissar<\/td><td>HR<\/td><td> R: Florian Schaller <\/td><td><\/td><\/tr><tr><td>2019<\/td><td>M\u00e4r<\/td><td>Spielfilm<\/td><td>Bernd<\/td><td>NR<\/td><td>R: Katharina Mihm<\/td><td>Opak Film<\/td><\/tr><tr><td>2019<\/td><td>Lula &amp; Miguel<\/td><td> Kurzspielfilm <\/td><td>Vater<\/td><td>NR<\/td><td> R: Jon Darcelien <\/td><td>Lifton Media<\/td><\/tr><tr><td>2018<\/td><td>Jugend gef\u00e4hrdet die Gesundheit!<\/td><td> Kurzspielfilm  <\/td><td>Hausmeister<\/td><td>HR<\/td><td>R: Bernd Capitain<\/td><td>FAS Cologne<\/td><\/tr><tr><td>2018<\/td><td>EU Enviroment &#8211; Single Use Plastics<\/td><td>Promotion<\/td><td>Boss<\/td><td>HR<\/td><td>R: Joshan Esfandiari Martin<\/td><td>CinePlus<\/td><\/tr><tr><td>2017<\/td><td>Taken in Hildesheim<\/td><td>Kino-Trailer<\/td><td>Vater<\/td><td>HR<\/td><td>R: Thomas Mielmann<\/td><td>GBG<\/td><\/tr><tr><td>2017<\/td><td>Mitbewohner gesucht!<\/td><td>Web Serie<\/td><td>Vater<\/td><td>HR<\/td><td>R: Thomas Mielmann<\/td><td>GBG<\/td><\/tr><tr><td>2015<\/td><td>Die kleinste Gro\u00dfstadt<\/td><td>Spielfilm<\/td><td>Giorgio<\/td><td>HR<\/td><td> R: Thomas Mielmann <\/td><td>Schurkenstart<\/td><\/tr><tr><td>2013<\/td><td>Preu\u00dfler on Ice<\/td><td>Imagefilm<\/td><td>Fahrer<\/td><td>NR<\/td><td>R: Walter Korth<\/td><td>Autostadt Wolfsburg<\/td><\/tr><tr><td>2012<\/td><td>Jim Knopf und die wilde 13<\/td><td>Imagefilm<\/td><td>Eisenbahner<\/td><td>NR<\/td><td>R: Walter Korth<\/td><td>Autostadt Wolfsburg<\/td><\/tr><tr><td>1997<\/td><td>Verbotene Liebe<\/td><td>TV-Serie<\/td><td>Kidnapper<\/td><td>TR<\/td><td><\/td><td>ARD<\/td><\/tr><tr><td><\/td><td><\/td><td><\/td><td><\/td><td><\/td><td><\/td><td><\/td><\/tr><tr><td><\/td><td><\/td><td><\/td><td><\/td><td><\/td><td><\/td><td><\/td><\/tr><\/tbody><\/table><\/figure>\n\n\n\n<p><\/p>\n","protected":false},"excerpt":{"rendered":"<p>2021 Zwei Leben f\u00fcr Europa Dokudrama Theophil Leger NR R: Gordian Maugg ARTE 2021 Fair Spielfilm Harald Weber HR R: Ellen Biche 2021 Ohne Geist Kurzspielfilm Thomas HR R: Sophie Menacher 2021 A Long Wrong Day Kurzspielfilm Gentleman NR R: Jihye Chae 2021 Gear Company Industriefilm CEO HR R: Geog Kleinegees Freudenberg 2020 Warum? Spielfilm &hellip; <\/p>\n<p class=\"link-more\"><a href=\"https:\/\/rolandkalweit.de\/de\/schauspiel\/\" class=\"more-link\">Continue reading<span class=\"screen-reader-text\"> &#8222;Film\/tv&#8220;<\/span><\/a><\/p>\n","protected":false},"author":1,"featured_media":0,"parent":0,"menu_order":0,"comment_status":"closed","ping_status":"closed","template":"template-full.php","meta":[],"jetpack_sharing_enabled":true,"jetpack_shortlink":"https:\/\/wp.me\/P4JZAS-28","_links":{"self":[{"href":"https:\/\/rolandkalweit.de\/de\/wp-json\/wp\/v2\/pages\/132"}],"collection":[{"href":"https:\/\/rolandkalweit.de\/de\/wp-json\/wp\/v2\/pages"}],"about":[{"href":"https:\/\/rolandkalweit.de\/de\/wp-json\/wp\/v2\/types\/page"}],"author":[{"embeddable":true,"href":"https:\/\/rolandkalweit.de\/de\/wp-json\/wp\/v2\/users\/1"}],"replies":[{"embeddable":true,"href":"https:\/\/rolandkalweit.de\/de\/wp-json\/wp\/v2\/comments?post=132"}],"version-history":[{"count":26,"href":"https:\/\/rolandkalweit.de\/de\/wp-json\/wp\/v2\/pages\/132\/revisions"}],"predecessor-version":[{"id":482,"href":"https:\/\/rolandkalweit.de\/de\/wp-json\/wp\/v2\/pages\/132\/revisions\/482"}],"wp:attachment":[{"href":"https:\/\/rolandkalweit.de\/de\/wp-json\/wp\/v2\/media?parent=132"}],"curies":[{"name":"wp","href":"https:\/\/api.w.org\/{rel}","templated":true}]}}